{"id":23,"date":"2023-03-07T22:11:41","date_gmt":"2023-03-07T22:11:41","guid":{"rendered":"http:\/\/campingvillarcayo.com\/?page_id=23"},"modified":"2023-03-07T23:45:26","modified_gmt":"2023-03-07T23:45:26","slug":"entorno","status":"publish","type":"page","link":"http:\/\/campingvillarcayo.com\/?page_id=23","title":{"rendered":"Entorno"},"content":{"rendered":"\n<h2 class=\"wp-block-heading\">El Soto de Villarcayo, una zona de ocio infinita para disfrute de vecinos y visitantes<\/h2>\n\n\n\n<p><strong>El Soto se encuentra a escasos metros de la Plaza Mayor, es un gran espacio natural con jardines, \u00e1reas de descanso, amplias arboledas, zonas de recreo infantil, y la joya tur\u00edstica de Villarcayo, las piscinas naturales del r\u00edo Nela.<\/strong><\/p>\n\n\n\n<p><\/p>\n\n\n\n<p>Rafael Alberti qued\u00f3 prendado del Soto de Villarcayo cuando lo visti\u00f3 en un viaje por el norte de Espa\u00f1a. Le dedic\u00f3 uno de sus poemas de la obra \u201cLa amante\u201d que el Ayuntamiento ha dejado recogido en un monolito.<\/p>\n\n\n\n<p>Y no es de extra\u00f1ar, el Soto es un inmenso paraje natural muy cercano al centro de la Villa, que anta\u00f1o era un lugar de pasto para el ganado, pero con el tiempo se ha convertido en uno de los lugares m\u00e1s atractivos de Villarcayo y de toda la comarca, tanto para los vecinos, como para los numerosos visitantes que sobre todo en verano llegan a la Villa, y que a diario lo visitan, bien para pasear, para descansar o ba\u00f1arse en el r\u00edo.<br>El parque de las Acacias es la primara zona verde que encontramos, un espacio tranquilo con varios parques infantiles donde los m\u00e1s peque\u00f1os pueden disfrutar sin ning\u00fan peligro y los mayores descansar a la sombra de las Acacias.<br>Si continuamos llegamos al paseo que nos lleva a las piscinas naturales del r\u00edo, dejando la chopera a la derecha y el campo de f\u00fatbol viejo a la izquierda, un paseo sombr\u00edo con numerosos bancos ornamentales a ambos lados de la carretera para descansar o simplemente pasar un rato a la sombra.<br>Llegamos al r\u00edo, donde se encuentran las piscinas naturales del R\u00edo Nela. Los coches estacionados en el amplio aparcamiento delatan la cantidad de gente que llega para ba\u00f1arse a esta zona de ba\u00f1os con socorrista, donde los amigos del chapuz\u00f3n pueden disfrutar de una enorme piscina natural de agua remansada y una alfombra verde donde tomar el sol. Un lugar tambi\u00e9n para practicar deportes acu\u00e1ticos ya que se pueden alquilar los elementos necesarios en una empresa de turismo activo all\u00ed instalada.<br>En el R\u00edo, el espacio es enorme, desde el puente grande, donde es habitual ver a chicos lanzarse al agua, hasta casi Villacanes por las dos orillas del Nela unidas por un puente peatonal, un espacio de centenares de metros donde se han instalado numerosos bancos escogidos con gusto e ideales para descansar o pasar el d\u00eda en familia.<br>Adem\u00e1s dos grandes y modernos establecimientos hosteleros se sit\u00faan a ambos lados del r\u00edo, los dos con amplias terrazas donde comer o tomar algo, un verdadero lujo.<br>Pero los espacios abiertos en Villarcayo no acaban con el Soto, podemos continuar por la ribera del Nela y llegaremos en pocos minutos a las Francesas, otra arboleda con bancos y aparcamiento para disfrutar de la naturaleza y ba\u00f1arse esta vez en la zona de ba\u00f1os y sentir las piedras del r\u00edo bajo los pies. Justo al lado de las Francesas encontramos las piscinas municipales, el camping y el bar donde se puede tomar un refresco, o comer en unas instalaciones envidiables.<br>Si continuamos un poco m\u00e1s adelante por el sombr\u00edo camino, encontramos la \u201cPresa Churruca\u201d, otro sitio para disfrutar del paisaje y del agua del Nela, buen lugar para el ba\u00f1o o simplemente disfrutar del sonido de la naturaleza.<br>Y todo este recorrido, como ya hemos comentado, con numerosos bancos de madera que el ayuntamiento tiene siempre preparados y bien cuidados, a pesar de algunos actos vand\u00e1licos contra el mobiliario urbano que afortunadamente no se prodigan mucho.<br>En definitiva, El Soto de Villarcayo, merece una visita de quienes nunca lo han visto, porque los que lo conocen regresan cuando pueden, y muchas veces a diario sobre todo en la \u00e9poca estival.<\/p>\n\n\n\n<p><\/p>\n\n\n\n<figure class=\"wp-block-gallery has-nested-images columns-default is-cropped wp-block-gallery-1 is-layout-flex wp-block-gallery-is-layout-flex\">\n<figure class=\"wp-block-image size-large\"><img loading=\"lazy\" decoding=\"async\" width=\"984\" height=\"738\" data-id=\"65\" src=\"http:\/\/campingvillarcayo.com\/wp-content\/uploads\/2023\/03\/villar-soto-piscinas-1.jpg\" alt=\"\" class=\"wp-image-65\" srcset=\"http:\/\/campingvillarcayo.com\/wp-content\/uploads\/2023\/03\/villar-soto-piscinas-1.jpg 984w, http:\/\/campingvillarcayo.com\/wp-content\/uploads\/2023\/03\/villar-soto-piscinas-1-300x225.jpg 300w, http:\/\/campingvillarcayo.com\/wp-content\/uploads\/2023\/03\/villar-soto-piscinas-1-768x576.jpg 768w\" sizes=\"auto, (max-width: 984px) 100vw, 984px\" \/><\/figure>\n\n\n\n<figure class=\"wp-block-image size-large\"><img loading=\"lazy\" decoding=\"async\" width=\"788\" height=\"591\" data-id=\"66\" src=\"http:\/\/campingvillarcayo.com\/wp-content\/uploads\/2023\/03\/VILALR-SOTO-PISCINAS.jpg\" alt=\"\" class=\"wp-image-66\" srcset=\"http:\/\/campingvillarcayo.com\/wp-content\/uploads\/2023\/03\/VILALR-SOTO-PISCINAS.jpg 788w, http:\/\/campingvillarcayo.com\/wp-content\/uploads\/2023\/03\/VILALR-SOTO-PISCINAS-300x225.jpg 300w, http:\/\/campingvillarcayo.com\/wp-content\/uploads\/2023\/03\/VILALR-SOTO-PISCINAS-768x576.jpg 768w\" sizes=\"auto, (max-width: 788px) 100vw, 788px\" \/><\/figure>\n\n\n\n<figure class=\"wp-block-image size-large\"><img loading=\"lazy\" decoding=\"async\" width=\"984\" height=\"653\" data-id=\"67\" src=\"http:\/\/campingvillarcayo.com\/wp-content\/uploads\/2023\/03\/soto1.jpg\" alt=\"\" class=\"wp-image-67\" srcset=\"http:\/\/campingvillarcayo.com\/wp-content\/uploads\/2023\/03\/soto1.jpg 984w, http:\/\/campingvillarcayo.com\/wp-content\/uploads\/2023\/03\/soto1-300x199.jpg 300w, http:\/\/campingvillarcayo.com\/wp-content\/uploads\/2023\/03\/soto1-768x510.jpg 768w\" sizes=\"auto, (max-width: 984px) 100vw, 984px\" \/><\/figure>\n\n\n\n<figure class=\"wp-block-image size-large\"><img loading=\"lazy\" decoding=\"async\" width=\"984\" height=\"738\" data-id=\"68\" src=\"http:\/\/campingvillarcayo.com\/wp-content\/uploads\/2023\/03\/soto2.jpg\" alt=\"\" class=\"wp-image-68\" srcset=\"http:\/\/campingvillarcayo.com\/wp-content\/uploads\/2023\/03\/soto2.jpg 984w, http:\/\/campingvillarcayo.com\/wp-content\/uploads\/2023\/03\/soto2-300x225.jpg 300w, http:\/\/campingvillarcayo.com\/wp-content\/uploads\/2023\/03\/soto2-768x576.jpg 768w\" sizes=\"auto, (max-width: 984px) 100vw, 984px\" \/><\/figure>\n\n\n\n<figure class=\"wp-block-image size-large\"><img loading=\"lazy\" decoding=\"async\" width=\"945\" height=\"627\" data-id=\"69\" src=\"http:\/\/campingvillarcayo.com\/wp-content\/uploads\/2023\/03\/SOTO3.jpg\" alt=\"\" class=\"wp-image-69\" srcset=\"http:\/\/campingvillarcayo.com\/wp-content\/uploads\/2023\/03\/SOTO3.jpg 945w, http:\/\/campingvillarcayo.com\/wp-content\/uploads\/2023\/03\/SOTO3-300x199.jpg 300w, http:\/\/campingvillarcayo.com\/wp-content\/uploads\/2023\/03\/SOTO3-768x510.jpg 768w\" sizes=\"auto, (max-width: 945px) 100vw, 945px\" \/><\/figure>\n\n\n\n<figure class=\"wp-block-image size-large\"><img loading=\"lazy\" decoding=\"async\" width=\"945\" height=\"627\" data-id=\"70\" src=\"http:\/\/campingvillarcayo.com\/wp-content\/uploads\/2023\/03\/soto5.jpg\" alt=\"\" class=\"wp-image-70\" srcset=\"http:\/\/campingvillarcayo.com\/wp-content\/uploads\/2023\/03\/soto5.jpg 945w, http:\/\/campingvillarcayo.com\/wp-content\/uploads\/2023\/03\/soto5-300x199.jpg 300w, http:\/\/campingvillarcayo.com\/wp-content\/uploads\/2023\/03\/soto5-768x510.jpg 768w\" sizes=\"auto, (max-width: 945px) 100vw, 945px\" \/><\/figure>\n\n\n\n<figure class=\"wp-block-image size-large\"><img loading=\"lazy\" decoding=\"async\" width=\"945\" height=\"627\" data-id=\"71\" src=\"http:\/\/campingvillarcayo.com\/wp-content\/uploads\/2023\/03\/SOTO.jpg\" alt=\"\" class=\"wp-image-71\" srcset=\"http:\/\/campingvillarcayo.com\/wp-content\/uploads\/2023\/03\/SOTO.jpg 945w, http:\/\/campingvillarcayo.com\/wp-content\/uploads\/2023\/03\/SOTO-300x199.jpg 300w, http:\/\/campingvillarcayo.com\/wp-content\/uploads\/2023\/03\/SOTO-768x510.jpg 768w\" sizes=\"auto, (max-width: 945px) 100vw, 945px\" \/><\/figure>\n\n\n\n<figure class=\"wp-block-image size-large\"><img loading=\"lazy\" decoding=\"async\" width=\"985\" height=\"739\" data-id=\"72\" src=\"http:\/\/campingvillarcayo.com\/wp-content\/uploads\/2023\/03\/soto7.jpg\" alt=\"\" class=\"wp-image-72\" srcset=\"http:\/\/campingvillarcayo.com\/wp-content\/uploads\/2023\/03\/soto7.jpg 985w, http:\/\/campingvillarcayo.com\/wp-content\/uploads\/2023\/03\/soto7-300x225.jpg 300w, http:\/\/campingvillarcayo.com\/wp-content\/uploads\/2023\/03\/soto7-768x576.jpg 768w\" sizes=\"auto, (max-width: 985px) 100vw, 985px\" \/><\/figure>\n<\/figure>\n\n\n\n<hr class=\"wp-block-separator has-alpha-channel-opacity\"\/>\n\n\n\n<h2 class=\"wp-block-heading\">Monumento natural de Ojo Guare\u00f1a<\/h2>\n\n\n\n<p>Cuando hablamos de Ojo Guare\u00f1a, lo hacemos del segundo complejo k\u00e1rstico m\u00e1s extenso en cuevas de la Pen\u00ednsula Ib\u00e9rica, y uno de los diez mayores del mundo, que encontramos en el norte de la provincia burgalesa.<\/p>\n\n\n\n<p>De gran inter\u00e9s para la espeleolog\u00eda, han sido localizados santuarios prehist\u00f3ricos y especies de invertebrados cavern\u00edcolas, algunas de ellas, nuevas descripciones. Un conjunto que goza de un inter\u00e9s hidrol\u00f3gico, morfol\u00f3gico, cient\u00edfico y hasta did\u00e1ctico. Un lugar para divisar desde miradores: Mirador Alto Concha, Mirador de Retuerta, Mirador Pico del Cuerno (ruta de senderismo) o practicando deportes de naturaleza.<\/p>\n\n\n\n<p>En Ojo Guare\u00f1a es posible seguir con claridad la evoluci\u00f3n hist\u00f3rica desde el Paleol\u00edtico Medio hasta nuestros d\u00edas, un puzzle en el que aqu\u00ed encontramos todas las piezas. Su riqueza en flora y fauna est\u00e1 acompa\u00f1ada por su especial cultura. Un gran n\u00famero de atributos juntos en tan gran espacio.<\/p>\n\n\n\n<p>Al visitar este monumento natural puede ver tambi\u00e9n la Cueva Ermita de San Bernab\u00e9.<\/p>\n\n\n\n<figure class=\"wp-block-image size-full\"><img loading=\"lazy\" decoding=\"async\" width=\"1002\" height=\"751\" src=\"http:\/\/campingvillarcayo.com\/wp-content\/uploads\/2023\/03\/SAN-BERNABE-1.jpg\" alt=\"\" class=\"wp-image-81\" srcset=\"http:\/\/campingvillarcayo.com\/wp-content\/uploads\/2023\/03\/SAN-BERNABE-1.jpg 1002w, http:\/\/campingvillarcayo.com\/wp-content\/uploads\/2023\/03\/SAN-BERNABE-1-300x225.jpg 300w, http:\/\/campingvillarcayo.com\/wp-content\/uploads\/2023\/03\/SAN-BERNABE-1-768x576.jpg 768w\" sizes=\"auto, (max-width: 1002px) 100vw, 1002px\" \/><\/figure>\n","protected":false},"excerpt":{"rendered":"<p>El Soto de Villarcayo, una zona de ocio infinita para disfrute de vecinos y visitantes El Soto se encuentra a escasos metros de la Plaza Mayor, es un gran espacio natural con jardines, \u00e1reas de descanso, amplias arboledas, zonas de recreo infantil, y la joya tur\u00edstica de Villarcayo, las piscinas naturales del r\u00edo Nela. Rafael Alberti qued\u00f3 prendado del Soto de Villarcayo cuando lo visti\u00f3 en un viaje por el norte de Espa\u00f1a. Le dedic\u00f3 uno de sus poemas de la obra \u201cLa amante\u201d que el Ayuntamiento ha dejado recogido en un monolito. Y no es de extra\u00f1ar, el Soto es un inmenso paraje natural muy cercano al centro de la Villa, que anta\u00f1o era un lugar de pasto para el ganado, pero con el tiempo se ha convertido en uno de los lugares m\u00e1s atractivos de Villarcayo y de toda la comarca, tanto para los vecinos, como para los numerosos visitantes que sobre todo en verano llegan a la Villa, y que a diario lo visitan, bien para pasear, para descansar o ba\u00f1arse en el r\u00edo.El parque de las Acacias es la primara zona verde que encontramos, un espacio tranquilo con varios parques infantiles donde los m\u00e1s peque\u00f1os pueden disfrutar sin ning\u00fan peligro y los mayores descansar a la sombra de las Acacias.Si continuamos llegamos al paseo que nos lleva a las piscinas naturales del r\u00edo, dejando la chopera a la derecha y el campo de f\u00fatbol viejo a la izquierda, un paseo sombr\u00edo con numerosos bancos ornamentales a ambos lados de la carretera para descansar o simplemente pasar un rato a la sombra.Llegamos al r\u00edo, donde se encuentran las piscinas naturales del R\u00edo Nela. Los coches estacionados en el amplio aparcamiento delatan la cantidad de gente que llega para ba\u00f1arse a esta zona de ba\u00f1os con socorrista, donde los amigos del chapuz\u00f3n pueden disfrutar de una enorme piscina natural de agua remansada y una alfombra verde donde tomar el sol. Un lugar tambi\u00e9n para practicar deportes acu\u00e1ticos ya que se pueden alquilar los elementos necesarios en una empresa de turismo activo all\u00ed instalada.En el R\u00edo, el espacio es enorme, desde el puente grande, donde es habitual ver a chicos lanzarse al agua, hasta casi Villacanes por las dos orillas del Nela unidas por un puente peatonal, un espacio de centenares de metros donde se han instalado numerosos bancos escogidos con gusto e ideales para descansar o pasar el d\u00eda en familia.Adem\u00e1s dos grandes y modernos establecimientos hosteleros se sit\u00faan a ambos lados del r\u00edo, los dos con amplias terrazas donde comer o tomar algo, un verdadero lujo.Pero los espacios abiertos en Villarcayo no acaban con el Soto, podemos continuar por la ribera del Nela y llegaremos en pocos minutos a las Francesas, otra arboleda con bancos y aparcamiento para disfrutar de la naturaleza y ba\u00f1arse esta vez en la zona de ba\u00f1os y sentir las piedras del r\u00edo bajo los pies. Justo al lado de las Francesas encontramos las piscinas municipales, el camping y el bar donde se puede tomar un refresco, o comer en unas instalaciones envidiables.Si continuamos un poco m\u00e1s adelante por el sombr\u00edo camino, encontramos la \u201cPresa Churruca\u201d, otro sitio para disfrutar del paisaje y del agua del Nela, buen lugar para el ba\u00f1o o simplemente disfrutar del sonido de la naturaleza.Y todo este recorrido, como ya hemos comentado, con numerosos bancos de madera que el ayuntamiento tiene siempre preparados y bien cuidados, a pesar de algunos actos vand\u00e1licos contra el mobiliario urbano que afortunadamente no se prodigan mucho.En definitiva, El Soto de Villarcayo, merece una visita de quienes nunca lo han visto, porque los que lo conocen regresan cuando pueden, y muchas veces a diario sobre todo en la \u00e9poca estival. Monumento natural de Ojo Guare\u00f1a Cuando hablamos de Ojo Guare\u00f1a, lo hacemos del segundo complejo k\u00e1rstico m\u00e1s extenso en cuevas de la Pen\u00ednsula Ib\u00e9rica, y uno de los diez mayores del mundo, que encontramos en el norte de la provincia burgalesa. De gran inter\u00e9s para la espeleolog\u00eda, han sido localizados santuarios prehist\u00f3ricos y especies de invertebrados cavern\u00edcolas, algunas de ellas, nuevas descripciones. Un conjunto que goza de un inter\u00e9s hidrol\u00f3gico, morfol\u00f3gico, cient\u00edfico y hasta did\u00e1ctico. Un lugar para divisar desde miradores: Mirador Alto Concha, Mirador de Retuerta, Mirador Pico del Cuerno (ruta de senderismo) o practicando deportes de naturaleza. En Ojo Guare\u00f1a es posible seguir con claridad la evoluci\u00f3n hist\u00f3rica desde el Paleol\u00edtico Medio hasta nuestros d\u00edas, un puzzle en el que aqu\u00ed encontramos todas las piezas. Su riqueza en flora y fauna est\u00e1 acompa\u00f1ada por su especial cultura. Un gran n\u00famero de atributos juntos en tan gran espacio. Al visitar este monumento natural puede ver tambi\u00e9n la Cueva Ermita de San Bernab\u00e9.<\/p>\n","protected":false},"author":1,"featured_media":0,"parent":0,"menu_order":0,"comment_status":"closed","ping_status":"closed","template":"","meta":{"footnotes":""},"class_list":["post-23","page","type-page","status-publish","hentry"],"_links":{"self":[{"href":"http:\/\/campingvillarcayo.com\/index.php?rest_route=\/wp\/v2\/pages\/23","targetHints":{"allow":["GET"]}}],"collection":[{"href":"http:\/\/campingvillarcayo.com\/index.php?rest_route=\/wp\/v2\/pages"}],"about":[{"href":"http:\/\/campingvillarcayo.com\/index.php?rest_route=\/wp\/v2\/types\/page"}],"author":[{"embeddable":true,"href":"http:\/\/campingvillarcayo.com\/index.php?rest_route=\/wp\/v2\/users\/1"}],"replies":[{"embeddable":true,"href":"http:\/\/campingvillarcayo.com\/index.php?rest_route=%2Fwp%2Fv2%2Fcomments&post=23"}],"version-history":[{"count":6,"href":"http:\/\/campingvillarcayo.com\/index.php?rest_route=\/wp\/v2\/pages\/23\/revisions"}],"predecessor-version":[{"id":82,"href":"http:\/\/campingvillarcayo.com\/index.php?rest_route=\/wp\/v2\/pages\/23\/revisions\/82"}],"wp:attachment":[{"href":"http:\/\/campingvillarcayo.com\/index.php?rest_route=%2Fwp%2Fv2%2Fmedia&parent=23"}],"curies":[{"name":"wp","href":"https:\/\/api.w.org\/{rel}","templated":true}]}}