{"id":21,"date":"2023-03-07T22:11:15","date_gmt":"2023-03-07T22:11:15","guid":{"rendered":"http:\/\/campingvillarcayo.com\/?page_id=21"},"modified":"2023-04-09T12:12:35","modified_gmt":"2023-04-09T12:12:35","slug":"reservas","status":"publish","type":"page","link":"http:\/\/campingvillarcayo.com\/?page_id=21","title":{"rendered":"Reservas"},"content":{"rendered":"\n<p>Las reservas en el Camping de Villarcayo solo se pueden hacer por tel\u00e9fono llamando al:<\/p>\n\n\n\n<h1 class=\"wp-block-heading has-text-align-center\">947 130 281<\/h1>\n\n\n\n<hr class=\"wp-block-separator has-alpha-channel-opacity\"\/>\n\n\n\n<p class=\"has-text-align-center\">M\u00e1s informaci\u00f3n en:<\/p>\n\n\n\n<p class=\"has-text-align-center\">\u00a0<a href=\"mailto:info@campingvillarcayo.com\">info@campingvillarcayo.com<\/a><\/p>\n\n\n\n<p><\/p>\n","protected":false},"excerpt":{"rendered":"<p>Las reservas en el Camping de Villarcayo solo se pueden hacer por tel\u00e9fono llamando al: 947 130 281 M\u00e1s informaci\u00f3n en: \u00a0info@campingvillarcayo.com<\/p>\n","protected":false},"author":1,"featured_media":0,"parent":0,"menu_order":0,"comment_status":"closed","ping_status":"closed","template":"","meta":{"footnotes":""},"class_list":["post-21","page","type-page","status-publish","hentry"],"_links":{"self":[{"href":"http:\/\/campingvillarcayo.com\/index.php?rest_route=\/wp\/v2\/pages\/21","targetHints":{"allow":["GET"]}}],"collection":[{"href":"http:\/\/campingvillarcayo.com\/index.php?rest_route=\/wp\/v2\/pages"}],"about":[{"href":"http:\/\/campingvillarcayo.com\/index.php?rest_route=\/wp\/v2\/types\/page"}],"author":[{"embeddable":true,"href":"http:\/\/campingvillarcayo.com\/index.php?rest_route=\/wp\/v2\/users\/1"}],"replies":[{"embeddable":true,"href":"http:\/\/campingvillarcayo.com\/index.php?rest_route=%2Fwp%2Fv2%2Fcomments&post=21"}],"version-history":[{"count":5,"href":"http:\/\/campingvillarcayo.com\/index.php?rest_route=\/wp\/v2\/pages\/21\/revisions"}],"predecessor-version":[{"id":96,"href":"http:\/\/campingvillarcayo.com\/index.php?rest_route=\/wp\/v2\/pages\/21\/revisions\/96"}],"wp:attachment":[{"href":"http:\/\/campingvillarcayo.com\/index.php?rest_route=%2Fwp%2Fv2%2Fmedia&parent=21"}],"curies":[{"name":"wp","href":"https:\/\/api.w.org\/{rel}","templated":true}]}}